{"id":4931,"date":"2013-06-27T21:08:38","date_gmt":"2013-06-27T20:08:38","guid":{"rendered":"https:\/\/art-licorne.com\/?page_id=4931"},"modified":"2019-02-03T18:44:12","modified_gmt":"2019-02-03T17:44:12","slug":"commandes","status":"publish","type":"page","link":"https:\/\/art-licorne.com\/?page_id=4931","title":{"rendered":"Commandes"},"content":{"rendered":"<p><span style=\"color: #0057a5;\"><strong><em>ART<\/em>-LICORNE<\/strong><\/span><em>\u00a0<\/em>vous propose l\u2019achat en ligne de sculptures \u00e0 commander directement.<\/p>\n<p>Vous pouvez sous r\u00e9serve du visuel commander une sculpture personnalis\u00e9e.<br \/>\nNous nous tenons \u00e0 votre disposition pour toutes questions concernant les commandes ou les produits propos\u00e9s.<br \/>\nPrix moyen : 250 euros TTC.<br \/>\nSculptures Lumineuses :<br \/>\n&#8211; Mod\u00e8le Unique de votre choix.<br \/>\n&#8211; Mod\u00e8le existant.<br \/>\n&#8211; Une semaine de d\u00e9lai pour les commandes.<br \/>\n&#8211; Livraison \u00e0 la charge du client.<\/p>\n\n<div class=\"wpcf7 no-js\" id=\"wpcf7-f5061-o1\" lang=\"fr-FR\" dir=\"ltr\" data-wpcf7-id=\"5061\">\n<div class=\"screen-reader-response\"><p role=\"status\" aria-live=\"polite\" aria-atomic=\"true\"><\/p> <ul><\/ul><\/div>\n<form action=\"\/index.php?rest_route=%2Fwp%2Fv2%2Fpages%2F4931#wpcf7-f5061-o1\" method=\"post\" class=\"wpcf7-form init\" aria-label=\"Formulaire de contact\" novalidate=\"novalidate\" data-status=\"init\">\n<fieldset class=\"hidden-fields-container\"><input type=\"hidden\" name=\"_wpcf7\" value=\"5061\" \/><input type=\"hidden\" name=\"_wpcf7_version\" value=\"6.1.5\" \/><input type=\"hidden\" name=\"_wpcf7_locale\" value=\"fr_FR\" \/><input type=\"hidden\" name=\"_wpcf7_unit_tag\" value=\"wpcf7-f5061-o1\" \/><input type=\"hidden\" name=\"_wpcf7_container_post\" value=\"0\" \/><input type=\"hidden\" name=\"_wpcf7_posted_data_hash\" value=\"\" \/><input type=\"hidden\" name=\"_wpcf7_recaptcha_response\" value=\"\" \/>\n<\/fieldset>\n<p>Votre nom (obligatoire)\n<\/p>\n<p><span class=\"wpcf7-form-control-wrap\" data-name=\"your-name\"><input size=\"40\" maxlength=\"400\" class=\"wpcf7-form-control wpcf7-text wpcf7-validates-as-required\" aria-required=\"true\" aria-invalid=\"false\" value=\"\" type=\"text\" name=\"your-name\" \/><\/span>\n<\/p>\n<p>Votre email (obligatoire)\n<\/p>\n<p><span class=\"wpcf7-form-control-wrap\" data-name=\"your-email\"><input size=\"40\" maxlength=\"400\" class=\"wpcf7-form-control wpcf7-email wpcf7-validates-as-required wpcf7-text wpcf7-validates-as-email\" aria-required=\"true\" aria-invalid=\"false\" value=\"\" type=\"email\" name=\"your-email\" \/><\/span>\n<\/p>\n<p>Sujet\n<\/p>\n<p><span class=\"wpcf7-form-control-wrap\" data-name=\"your-subject\"><input size=\"40\" maxlength=\"400\" class=\"wpcf7-form-control wpcf7-text\" aria-invalid=\"false\" value=\"\" type=\"text\" name=\"your-subject\" \/><\/span>\n<\/p>\n<p>Votre message\n<\/p>\n<p><span class=\"wpcf7-form-control-wrap\" data-name=\"your-message\"><textarea cols=\"40\" rows=\"10\" maxlength=\"2000\" class=\"wpcf7-form-control wpcf7-textarea\" aria-invalid=\"false\" name=\"your-message\"><\/textarea><\/span>\n<\/p>\n\n<p><input class=\"wpcf7-form-control wpcf7-submit has-spinner\" type=\"submit\" value=\"Envoyer\" \/>\n<\/p><p style=\"display: none !important;\" class=\"akismet-fields-container\" data-prefix=\"_wpcf7_ak_\"><label>&#916;<textarea name=\"_wpcf7_ak_hp_textarea\" cols=\"45\" rows=\"8\" maxlength=\"100\"><\/textarea><\/label><input type=\"hidden\" id=\"ak_js_1\" name=\"_wpcf7_ak_js\" value=\"181\"\/><script>document.getElementById( \"ak_js_1\" ).setAttribute( \"value\", ( new Date() ).getTime() );<\/script><\/p><div class=\"wpcf7-response-output\" aria-hidden=\"true\"><\/div>\n<\/form>\n<\/div>\n\n","protected":false},"excerpt":{"rendered":"<p>ART-LICORNE\u00a0vous propose l\u2019achat en ligne de sculptures \u00e0 commander directement. Vous pouvez sous r\u00e9serve du visuel commander une sculpture personnalis\u00e9e. Nous nous tenons \u00e0 votre disposition pour toutes questions concernant les commandes ou les produits propos\u00e9s. Prix moyen : 250 euros TTC. Sculptures Lumineuses : &#8211; Mod\u00e8le Unique de votre choix. &#8211; Mod\u00e8le existant. &#8211; Une semaine de d\u00e9lai pour les commandes. &#8211; Livraison \u00e0 la charge du client.<\/p>\n","protected":false},"author":1,"featured_media":0,"parent":0,"menu_order":0,"comment_status":"closed","ping_status":"closed","template":"","meta":{"_acf_changed":false,"wp_mapbox_gl_js_media":[],"jetpack_post_was_ever_published":false,"footnotes":""},"class_list":["post-4931","page","type-page","status-publish","hentry"],"acf":[],"jetpack_sharing_enabled":true,"jetpack_shortlink":"https:\/\/wp.me\/P3Fl56-1hx","_links":{"self":[{"href":"https:\/\/art-licorne.com\/index.php?rest_route=\/wp\/v2\/pages\/4931","targetHints":{"allow":["GET"]}}],"collection":[{"href":"https:\/\/art-licorne.com\/index.php?rest_route=\/wp\/v2\/pages"}],"about":[{"href":"https:\/\/art-licorne.com\/index.php?rest_route=\/wp\/v2\/types\/page"}],"author":[{"embeddable":true,"href":"https:\/\/art-licorne.com\/index.php?rest_route=\/wp\/v2\/users\/1"}],"replies":[{"embeddable":true,"href":"https:\/\/art-licorne.com\/index.php?rest_route=%2Fwp%2Fv2%2Fcomments&post=4931"}],"version-history":[{"count":8,"href":"https:\/\/art-licorne.com\/index.php?rest_route=\/wp\/v2\/pages\/4931\/revisions"}],"predecessor-version":[{"id":5122,"href":"https:\/\/art-licorne.com\/index.php?rest_route=\/wp\/v2\/pages\/4931\/revisions\/5122"}],"wp:attachment":[{"href":"https:\/\/art-licorne.com\/index.php?rest_route=%2Fwp%2Fv2%2Fmedia&parent=4931"}],"curies":[{"name":"wp","href":"https:\/\/api.w.org\/{rel}","templated":true}]}}