{"id":4579,"date":"2013-02-13T21:20:15","date_gmt":"2013-02-13T21:20:15","guid":{"rendered":"http:\/\/themes.devatic.com\/daisho\/?page_id=4579"},"modified":"2013-12-02T16:56:38","modified_gmt":"2013-12-02T15:56:38","slug":"media","status":"publish","type":"page","link":"https:\/\/art-licorne.com\/","title":{"rendered":"Accueil"},"content":{"rendered":"<div class=\"grid_12 last\">Les sculptures lumineuses\u00a0<span style=\"color: #0057a5;\"><strong><em>ART<\/em>-LICORNE<\/strong><\/span>\u00a0sont des objets de collection et de d\u00e9coration qui orneront vos espaces \u00e0 vivre.<br \/>\nChaque visuel personnalis\u00e9 sera unique et donnera une originalit\u00e9 dans votre salon.<\/div>\n<div class=\"grid_8 last\">\n<p><img loading=\"lazy\" decoding=\"async\" class=\"alignright\" alt=\"Sculptures lumineuses\" src=\"https:\/\/art-licorne.com\/wp-content\/uploads\/2013\/06\/BANDEAU.jpg\" width=\"960\" height=\"387\" \/><\/p>\n<\/div>\n<hr \/>\n<div class=\"grid_12 last\"><\/div>\n","protected":false},"excerpt":{"rendered":"<p>Les sculptures lumineuses\u00a0ART-LICORNE\u00a0sont des objets de collection et de d\u00e9coration qui orneront vos espaces \u00e0 vivre. Chaque visuel personnalis\u00e9 sera unique et donnera une originalit\u00e9 dans votre salon.<\/p>\n","protected":false},"author":1,"featured_media":0,"parent":0,"menu_order":0,"comment_status":"closed","ping_status":"closed","template":"","meta":{"_acf_changed":false,"wp_mapbox_gl_js_media":[],"jetpack_post_was_ever_published":false,"footnotes":""},"class_list":["post-4579","page","type-page","status-publish","hentry"],"acf":[],"jetpack_sharing_enabled":true,"jetpack_shortlink":"https:\/\/wp.me\/P3Fl56-1bR","_links":{"self":[{"href":"https:\/\/art-licorne.com\/index.php?rest_route=\/wp\/v2\/pages\/4579","targetHints":{"allow":["GET"]}}],"collection":[{"href":"https:\/\/art-licorne.com\/index.php?rest_route=\/wp\/v2\/pages"}],"about":[{"href":"https:\/\/art-licorne.com\/index.php?rest_route=\/wp\/v2\/types\/page"}],"author":[{"embeddable":true,"href":"https:\/\/art-licorne.com\/index.php?rest_route=\/wp\/v2\/users\/1"}],"replies":[{"embeddable":true,"href":"https:\/\/art-licorne.com\/index.php?rest_route=%2Fwp%2Fv2%2Fcomments&post=4579"}],"version-history":[{"count":9,"href":"https:\/\/art-licorne.com\/index.php?rest_route=\/wp\/v2\/pages\/4579\/revisions"}],"predecessor-version":[{"id":5017,"href":"https:\/\/art-licorne.com\/index.php?rest_route=\/wp\/v2\/pages\/4579\/revisions\/5017"}],"wp:attachment":[{"href":"https:\/\/art-licorne.com\/index.php?rest_route=%2Fwp%2Fv2%2Fmedia&parent=4579"}],"curies":[{"name":"wp","href":"https:\/\/api.w.org\/{rel}","templated":true}]}}