{"id":3889,"date":"2012-08-29T11:34:00","date_gmt":"2012-08-29T11:34:00","guid":{"rendered":"http:\/\/themes.devatic.com\/daisho\/?page_id=3889"},"modified":"2013-12-02T16:56:01","modified_gmt":"2013-12-02T15:56:01","slug":"about","status":"publish","type":"page","link":"https:\/\/art-licorne.com\/?page_id=3889","title":{"rendered":"Art-Licorne"},"content":{"rendered":"<p>Au commencement, \u00e9tait le Rock\u2019n\u2019roll&#8230;<br \/>\nLes sculptures lumineuses <strong><span style=\"color: #0057a5;\"><em>ART<\/em>-LICORNE<\/span><\/strong> sont des objets de collection et de d\u00e9coration qui orneront vos espaces \u00e0 vivre.<br \/>\nChaque visuel personnalis\u00e9 sera unique et donnera une originalit\u00e9 dans votre salon.<\/p>\n","protected":false},"excerpt":{"rendered":"<p>Au commencement, \u00e9tait le Rock\u2019n\u2019roll&#8230; Les sculptures lumineuses ART-LICORNE sont des objets de collection et de d\u00e9coration qui orneront vos espaces \u00e0 vivre. Chaque visuel personnalis\u00e9 sera unique et donnera une originalit\u00e9 dans votre salon.<\/p>\n","protected":false},"author":1,"featured_media":0,"parent":0,"menu_order":0,"comment_status":"closed","ping_status":"closed","template":"","meta":{"_acf_changed":false,"wp_mapbox_gl_js_media":[],"jetpack_post_was_ever_published":false,"footnotes":""},"class_list":["post-3889","page","type-page","status-publish","hentry"],"acf":[],"jetpack_sharing_enabled":true,"jetpack_shortlink":"https:\/\/wp.me\/P3Fl56-10J","_links":{"self":[{"href":"https:\/\/art-licorne.com\/index.php?rest_route=\/wp\/v2\/pages\/3889","targetHints":{"allow":["GET"]}}],"collection":[{"href":"https:\/\/art-licorne.com\/index.php?rest_route=\/wp\/v2\/pages"}],"about":[{"href":"https:\/\/art-licorne.com\/index.php?rest_route=\/wp\/v2\/types\/page"}],"author":[{"embeddable":true,"href":"https:\/\/art-licorne.com\/index.php?rest_route=\/wp\/v2\/users\/1"}],"replies":[{"embeddable":true,"href":"https:\/\/art-licorne.com\/index.php?rest_route=%2Fwp%2Fv2%2Fcomments&post=3889"}],"version-history":[{"count":13,"href":"https:\/\/art-licorne.com\/index.php?rest_route=\/wp\/v2\/pages\/3889\/revisions"}],"predecessor-version":[{"id":5016,"href":"https:\/\/art-licorne.com\/index.php?rest_route=\/wp\/v2\/pages\/3889\/revisions\/5016"}],"wp:attachment":[{"href":"https:\/\/art-licorne.com\/index.php?rest_route=%2Fwp%2Fv2%2Fmedia&parent=3889"}],"curies":[{"name":"wp","href":"https:\/\/api.w.org\/{rel}","templated":true}]}}